{"id":37,"date":"2022-03-25T20:28:34","date_gmt":"2022-03-25T20:28:34","guid":{"rendered":"https:\/\/themotholidays.live-website.com\/?page_id=37"},"modified":"2025-05-09T14:23:40","modified_gmt":"2025-05-09T13:23:40","slug":"services","status":"publish","type":"page","link":"https:\/\/oliverholidays.com\/de\/services\/","title":{"rendered":"Dienstleistungen"},"content":{"rendered":"<h2 class=\"wp-block-heading\">Holidays Fridge<\/h2>\n\n\n\n<p>\u00bfQuieres llegar a tu villa y encontrar la nevera llena? Holidays Fridge te lo pone f\u00e1cil: elige tus productos favoritos, nosotros llenamos tu nevera antes de tu llegada, \u00a1y comienza tus vacaciones sin preocupaciones! Entra en la web y personaliza tu nevera:<br><a href=\"https:\/\/www.holidaysfridge.com\/\">Holidays Fridge<\/a><\/p>\n\n\n\n<div class=\"wp-block-columns is-layout-flex wp-container-core-columns-is-layout-9d6595d7 wp-block-columns-is-layout-flex\">\n<div class=\"wp-block-column is-layout-flow wp-block-column-is-layout-flow\" style=\"flex-basis:100%\">\n<div class=\"wp-block-columns is-layout-flex wp-container-core-columns-is-layout-9d6595d7 wp-block-columns-is-layout-flex\">\n<div class=\"wp-block-column is-layout-flow wp-block-column-is-layout-flow\">\n<div class=\"wp-block-columns is-layout-flex wp-container-core-columns-is-layout-9d6595d7 wp-block-columns-is-layout-flex\">\n<div class=\"wp-block-column is-layout-flow wp-block-column-is-layout-flow\">\n<figure class=\"wp-block-image size-large\"><img loading=\"lazy\" decoding=\"async\" width=\"1024\" height=\"683\" src=\"https:\/\/oliverholidays.com\/wp-content\/uploads\/2025\/05\/imagen_nevera_hombre-1024x683.png\" alt=\"\" class=\"wp-image-1652\" srcset=\"https:\/\/oliverholidays.com\/wp-content\/uploads\/2025\/05\/imagen_nevera_hombre-1024x683.png 1024w, https:\/\/oliverholidays.com\/wp-content\/uploads\/2025\/05\/imagen_nevera_hombre-300x200.png 300w, https:\/\/oliverholidays.com\/wp-content\/uploads\/2025\/05\/imagen_nevera_hombre-768x512.png 768w, https:\/\/oliverholidays.com\/wp-content\/uploads\/2025\/05\/imagen_nevera_hombre-18x12.png 18w, https:\/\/oliverholidays.com\/wp-content\/uploads\/2025\/05\/imagen_nevera_hombre.png 1536w\" sizes=\"auto, (max-width: 1024px) 100vw, 1024px\" \/><\/figure>\n<\/div>\n<\/div>\n<\/div>\n<\/div>\n<\/div>\n<\/div>\n\n\n\n<h2 class=\"wp-block-heading\">Zus\u00e4tzliche Dienstleistungen<\/h2>\n\n\n\n<p>Dies sind einige der Dienstleistungen, die wir Ihnen anbieten k\u00f6nnen, um Ihren Aufenthalt bei uns abzurunden. Fragen Sie Ihren Gastgeber, wie Sie Sonderkonditionen erhalten. <\/p>\n\n\n\n<div class=\"wp-block-columns is-layout-flex wp-container-core-columns-is-layout-9d6595d7 wp-block-columns-is-layout-flex\">\n<div class=\"wp-block-column is-layout-flow wp-block-column-is-layout-flow\">\n<figure class=\"wp-block-image size-full\"><a href=\"https:\/\/oliverholidays.com\/wp-content\/uploads\/2022\/03\/1-wines.png\"><img loading=\"lazy\" decoding=\"async\" width=\"663\" height=\"631\" src=\"https:\/\/oliverholidays.com\/wp-content\/uploads\/2022\/03\/1-wines.png\" alt=\"\" class=\"wp-image-490\" srcset=\"https:\/\/oliverholidays.com\/wp-content\/uploads\/2022\/03\/1-wines.png 663w, https:\/\/oliverholidays.com\/wp-content\/uploads\/2022\/03\/1-wines-300x286.png 300w, https:\/\/oliverholidays.com\/wp-content\/uploads\/2022\/03\/1-wines-13x12.png 13w\" sizes=\"auto, (max-width: 663px) 100vw, 663px\" \/><\/a><\/figure>\n\n\n\n<p>Betreten Sie eines der \u00e4ltesten Weing\u00fcter Spaniens, genie\u00dfen Sie die F\u00fchrung und die Verkostung von Vulkanweinen.<\/p>\n\n\n\n<p>Besuchen Sie eine UNESCO-Welterbest\u00e4tte und probieren Sie die exklusive vulkanische Malvasia.<\/p>\n<\/div>\n\n\n\n<div class=\"wp-block-column is-layout-flow wp-block-column-is-layout-flow\">\n<figure class=\"wp-block-image size-full\"><a href=\"https:\/\/oliverholidays.com\/wp-content\/uploads\/2022\/03\/2-yoga.png\"><img loading=\"lazy\" decoding=\"async\" width=\"661\" height=\"631\" src=\"https:\/\/oliverholidays.com\/wp-content\/uploads\/2022\/03\/2-yoga.png\" alt=\"\" class=\"wp-image-491\" srcset=\"https:\/\/oliverholidays.com\/wp-content\/uploads\/2022\/03\/2-yoga.png 661w, https:\/\/oliverholidays.com\/wp-content\/uploads\/2022\/03\/2-yoga-300x286.png 300w, https:\/\/oliverholidays.com\/wp-content\/uploads\/2022\/03\/2-yoga-13x12.png 13w\" sizes=\"auto, (max-width: 661px) 100vw, 661px\" \/><\/a><\/figure>\n\n\n\n<p>Genie\u00dfen Sie die Yogapraxis in der wundersch\u00f6nen Umgebung von Famara oder Playa Honda und Puerto del Carmen.<\/p>\n\n\n\n<p>Unsere Yogalehrer bieten \u00dcbungen f\u00fcr alle Niveaus an und passen den Unterricht an jede Person an.<\/p>\n<\/div>\n\n\n\n<div class=\"wp-block-column is-layout-flow wp-block-column-is-layout-flow\">\n<figure class=\"wp-block-image size-full\"><a href=\"https:\/\/oliverholidays.com\/wp-content\/uploads\/2022\/03\/3-macarame.png\"><img loading=\"lazy\" decoding=\"async\" width=\"661\" height=\"629\" src=\"https:\/\/oliverholidays.com\/wp-content\/uploads\/2022\/03\/3-macarame.png\" alt=\"\" class=\"wp-image-492\" srcset=\"https:\/\/oliverholidays.com\/wp-content\/uploads\/2022\/03\/3-macarame.png 661w, https:\/\/oliverholidays.com\/wp-content\/uploads\/2022\/03\/3-macarame-300x285.png 300w, https:\/\/oliverholidays.com\/wp-content\/uploads\/2022\/03\/3-macarame-13x12.png 13w\" sizes=\"auto, (max-width: 661px) 100vw, 661px\" \/><\/a><\/figure>\n\n\n\n<p>Lernen Sie die alte Makramee-Kunst mit einem lokalen Kunsthandwerker kennen.<br>W\u00e4hrend einer 2-st\u00fcndigen Lektion lernen Sie die grundlegenden Knoten und stellen Ihr eigenes Handwerk her, das Sie mit nach Hause nehmen k\u00f6nnen.<\/p>\n<\/div>\n<\/div>\n\n\n\n<div class=\"wp-block-columns is-layout-flex wp-container-core-columns-is-layout-9d6595d7 wp-block-columns-is-layout-flex\">\n<div class=\"wp-block-column is-layout-flow wp-block-column-is-layout-flow\">\n<figure class=\"wp-block-image size-full\"><a href=\"https:\/\/oliverholidays.com\/wp-content\/uploads\/2022\/03\/4-surf.png\"><img loading=\"lazy\" decoding=\"async\" width=\"660\" height=\"628\" src=\"https:\/\/oliverholidays.com\/wp-content\/uploads\/2022\/03\/4-surf.png\" alt=\"\" class=\"wp-image-493\" srcset=\"https:\/\/oliverholidays.com\/wp-content\/uploads\/2022\/03\/4-surf.png 660w, https:\/\/oliverholidays.com\/wp-content\/uploads\/2022\/03\/4-surf-300x285.png 300w, https:\/\/oliverholidays.com\/wp-content\/uploads\/2022\/03\/4-surf-13x12.png 13w\" sizes=\"auto, (max-width: 660px) 100vw, 660px\" \/><\/a><\/figure>\n\n\n\n<p>Treffen Sie Ihren Trainer in Famara und lernen Sie mit Ihren Freunden oder Ihrer Familie zu surfen.<\/p>\n\n\n\n<p>Diese Privatstunde ist f\u00fcr Anf\u00e4nger und Fortgeschrittene gleicherma\u00dfen geeignet.<\/p>\n<\/div>\n\n\n\n<div class=\"wp-block-column is-layout-flow wp-block-column-is-layout-flow\">\n<figure class=\"wp-block-image size-full\"><a href=\"https:\/\/oliverholidays.com\/wp-content\/uploads\/2022\/03\/5-fish.png\"><img loading=\"lazy\" decoding=\"async\" width=\"663\" height=\"630\" src=\"https:\/\/oliverholidays.com\/wp-content\/uploads\/2022\/03\/5-fish.png\" alt=\"\" class=\"wp-image-494\" srcset=\"https:\/\/oliverholidays.com\/wp-content\/uploads\/2022\/03\/5-fish.png 663w, https:\/\/oliverholidays.com\/wp-content\/uploads\/2022\/03\/5-fish-300x285.png 300w, https:\/\/oliverholidays.com\/wp-content\/uploads\/2022\/03\/5-fish-13x12.png 13w\" sizes=\"auto, (max-width: 663px) 100vw, 663px\" \/><\/a><\/figure>\n\n\n\n<p>Werden Sie f\u00fcr einen Tag zum Fischer und entdecken Sie die Sch\u00f6nheit von Lanzarote und den Meerespark La Graciosa in einem komfortablen Fischerboot. <\/p>\n\n\n\n<p>Lernen Sie die Geheimnisse eines erfahrenen lokalen Fischers kennen, der Ihnen alle Tricks beibringt, um die Angelrute zu benutzen.<\/p>\n<\/div>\n<\/div>\n\n\n\n<p><\/p>","protected":false},"excerpt":{"rendered":"<p>Holidays Fridge \u00bfQuieres llegar a tu villa y encontrar la nevera llena? Holidays Fridge te lo pone f\u00e1cil: elige tus productos favoritos, nosotros llenamos tu nevera antes de tu llegada, \u00a1y comienza tus vacaciones sin preocupaciones! Entra en la web y personaliza tu nevera:Holidays Fridge Servicios adicionales Estos son algunos de los servicios que podemos [&hellip;]<\/p>\n","protected":false},"author":1,"featured_media":0,"parent":0,"menu_order":0,"comment_status":"closed","ping_status":"closed","template":"","meta":{"footnotes":""},"class_list":["post-37","page","type-page","status-publish","hentry"],"jetpack_sharing_enabled":true,"_links":{"self":[{"href":"https:\/\/oliverholidays.com\/de\/wp-json\/wp\/v2\/pages\/37","targetHints":{"allow":["GET"]}}],"collection":[{"href":"https:\/\/oliverholidays.com\/de\/wp-json\/wp\/v2\/pages"}],"about":[{"href":"https:\/\/oliverholidays.com\/de\/wp-json\/wp\/v2\/types\/page"}],"author":[{"embeddable":true,"href":"https:\/\/oliverholidays.com\/de\/wp-json\/wp\/v2\/users\/1"}],"replies":[{"embeddable":true,"href":"https:\/\/oliverholidays.com\/de\/wp-json\/wp\/v2\/comments?post=37"}],"version-history":[{"count":12,"href":"https:\/\/oliverholidays.com\/de\/wp-json\/wp\/v2\/pages\/37\/revisions"}],"predecessor-version":[{"id":1658,"href":"https:\/\/oliverholidays.com\/de\/wp-json\/wp\/v2\/pages\/37\/revisions\/1658"}],"wp:attachment":[{"href":"https:\/\/oliverholidays.com\/de\/wp-json\/wp\/v2\/media?parent=37"}],"curies":[{"name":"wp","href":"https:\/\/api.w.org\/{rel}","templated":true}]}}