{"id":429,"date":"2022-03-28T18:11:00","date_gmt":"2022-03-28T17:11:00","guid":{"rendered":"https:\/\/themotholidays.live-website.com\/?page_id=429"},"modified":"2022-03-28T18:15:11","modified_gmt":"2022-03-28T17:15:11","slug":"cookies","status":"publish","type":"page","link":"https:\/\/oliverholidays.com\/de\/cookies\/","title":{"rendered":"Cookie-Richtlinie"},"content":{"rendered":"<p>Diese Website verwendet, wie die meisten Websites im Internet\u00a0<strong>Kekse<\/strong>\u00a0um das Benutzererlebnis zu verbessern und zu optimieren.<\/p>\n\n\n\n<p>Nachfolgend finden Sie detaillierte Informationen dar\u00fcber, was die&nbsp;<strong>Kekse<\/strong>, was f\u00fcr&nbsp;<strong>Kekse<\/strong>&nbsp;diese Website nutzen, wie Sie diese in Ihrem Browser deaktivieren und die Installation gezielt blockieren k\u00f6nnen&nbsp;<strong>Kekse<\/strong>&nbsp;von Dritten.<\/p>\n\n\n\n<p><strong>1. Was sind Cookies?<\/strong><\/p>\n\n\n\n<p>Das&nbsp;<strong>Kekse<\/strong>&nbsp;sind Dateien, die Websites oder Anwendungen im Browser oder Ger\u00e4t des Benutzers (Smartphone, Tablet oder verbundenes Fernsehger\u00e4t) installieren, w\u00e4hrend sie die Seiten der Website oder der Anwendung durchsuchen, und die zum Speichern von Informationen \u00fcber ihren Besuch verwendet werden.<br>Wie die meisten Seiten im Internet verwendet diese Website&nbsp;<strong>Kekse<\/strong>&nbsp;zum:<\/p>\n\n\n\n<ul class=\"wp-block-list\"><li>Sicherstellen, dass Webseiten ordnungsgem\u00e4\u00df funktionieren.<\/li><li>Speichern Sie Pr\u00e4ferenzen, wie die von Ihnen gew\u00e4hlte Sprache oder die Schriftgr\u00f6\u00dfe.<\/li><li>Informieren Sie sich \u00fcber das Surferlebnis des Benutzers.<\/li><li>Sammeln Sie anonyme statistische Informationen, z. B. welche Seiten der Benutzer besucht hat oder wie lange er auf der Website geblieben ist.<\/li><\/ul>\n\n\n\n<p>Die Verwendung von&nbsp;<strong>Kekse<\/strong>&nbsp;erm\u00f6glicht es Ihnen, das Surfen zu optimieren, die angebotenen Informationen und Dienste an die Interessen des Benutzers anzupassen, um Ihnen bei jedem Besuch der Website ein besseres Erlebnis zu bieten.<br>Diese Website verwendet&nbsp;<strong>Kekse<\/strong>&nbsp;zu funktionieren, anzupassen und die Benutzernavigation so weit wie m\u00f6glich zu erleichtern.<\/p>\n\n\n\n<p><strong>2. Typologie, Zweck und Betrieb<\/strong><\/p>\n\n\n\n<p>Das&nbsp;<strong>Kekse<\/strong>, abh\u00e4ngig von ihrer Dauerhaftigkeit, kann unterteilt werden in&nbsp;<strong>Session-Cookies<\/strong>&nbsp;entweder&nbsp;<strong>dauerhaft<\/strong>. Erstere verfallen, wenn der Benutzer den Browser schlie\u00dft. Letztere erl\u00f6schen, wenn der Zweck, dem sie dienen, erf\u00fcllt ist (z. B. damit der Benutzer auf der Website identifiziert bleibt) oder wenn sie manuell gel\u00f6scht werden.<br>Zus\u00e4tzlich,&nbsp;<strong>abh\u00e4ngig von Ihrem Ziel<\/strong>, das&nbsp;<strong>Kekse<\/strong>&nbsp;lassen sich wie folgt klassifizieren:<\/p>\n\n\n\n<ul class=\"wp-block-list\"><li><strong>Unbedingt erforderlich (technisch)<\/strong>: Sind diese f\u00fcr das reibungslose Funktionieren der Seite unerl\u00e4sslich. Sie werden normalerweise generiert, wenn der Benutzer auf die Website zugreift oder sich anmeldet, und werden verwendet, um Sie auf der Website f\u00fcr die folgenden Zwecke zu identifizieren:<ol><li>Den Benutzer so identifiziert halten, dass er, wenn er die Website, den Browser oder das Ger\u00e4t verl\u00e4sst und zu einem anderen Zeitpunkt erneut auf diese Website zugreift, weiterhin identifiziert wird, wodurch seine Navigation erleichtert wird, ohne dass er sich erneut identifizieren muss.<\/li><li>\u00dcberpr\u00fcfen Sie, ob der Benutzer berechtigt ist, auf bestimmte Dienste oder Bereiche der Website zuzugreifen.<\/li><\/ol><\/li><li><strong>Leistung<\/strong>: Sie werden verwendet, um das Surferlebnis zu verbessern und den Betrieb der Website zu optimieren, wie zum Beispiel das Speichern von Serviceeinstellungen oder das Speichern des get\u00e4tigten Kaufs in einem Warenkorb.<\/li><li><strong>Werbung<\/strong>: Dies sind diejenigen, die Informationen \u00fcber die Anzeigen sammeln, die Benutzern der Website angezeigt werden. Sie k\u00f6nnen von zwei Arten sein:<\/li><li><strong>Anonym:<\/strong>&nbsp;Sie sammeln nur Informationen \u00fcber die auf der Website angezeigten Werbefl\u00e4chen, unabh\u00e4ngig vom Benutzer, der auf die Website zugreift, d. h. ohne sie ausdr\u00fccklich zu identifizieren.<\/li><li><strong>Angepasst:<\/strong>&nbsp;Sie sammeln personenbezogene Daten des Benutzers der Website durch Dritte zur Personalisierung dieser Werbefl\u00e4chen.<\/li><li><strong>Geolokalisierung<\/strong>Verwendungszweck: Diese Cookies werden verwendet, um herauszufinden, in welchem Land oder welcher Region sich der Benutzer befindet, wenn er auf einen Website-Dienst zugreift, um Inhalte oder Dienste anzubieten, die seinem Standort entsprechen.<\/li><li><strong>der Analytik<\/strong>: Sie sammeln Informationen \u00fcber das Surferlebnis des Benutzers auf der Website, in der Regel anonym, obwohl sie manchmal auch eine eindeutige und eindeutige Identifizierung des Benutzers erm\u00f6glichen, um Berichte \u00fcber die Interessen der Benutzer an den angebotenen Diensten der Website zu erhalten.<\/li><\/ul>\n\n\n\n<p><strong>3. Auf dieser Website verwendete Cookies<\/strong><\/p>\n\n\n\n<p>Nachfolgend finden Sie eine Tabelle mit den\u00a0<strong>Kekse<\/strong>\u00a0die auf dieser Website verwendet werden, die Stelle, die diese Cookies verwaltet, die Dauer des Cookies und sein Zweck:<\/p>\n\n\n\n<figure class=\"wp-block-table\"><table><thead><tr><td><strong>Cookie-Name<\/strong><\/td><td><strong>Einheit, die es verwaltet<\/strong><\/td><td><strong>Dauerfrist<\/strong><\/td><td><strong>Zweck<\/strong><\/td><\/tr><\/thead><tbody><tr><td>_ga<\/td><td>oliverholidays.com \/ Google<\/td><td>zwei Jahre<\/td><td>Statistische Berichte \u00fcber den Website-Verkehr, sein Gesamtpublikum und das Publikum in einer bestimmten Werbekampagne.<\/td><\/tr><tr><td>_gat<\/td><td>oliverholidays.com\/ Google<\/td><td>1 Tag<\/td><td>Wird von Google Analytics zur \u00dcberwachung der Anforderungsrate verwendet<\/td><\/tr><tr><td>_gid<\/td><td>oliverholidays.com\/ Google<\/td><td>1 Tag<\/td><td>Registriert eine eindeutige Identifikation, die verwendet wird, um statistische Daten dar\u00fcber zu generieren, wie der Besucher die Website nutzt.<\/td><\/tr><\/tbody><\/table><\/figure>\n\n\n\n<p><strong>4. Deaktivieren Sie die Verwendung von Cookies<\/strong><\/p>\n\n\n\n<p>Der Benutzer kann Cookies und andere auf seinem Computer installierte Technologien zulassen, blockieren oder l\u00f6schen, indem er die auf seinem Ger\u00e4t installierten Browseroptionen konfiguriert. Als n\u00e4chstes k\u00f6nnen Sie auf die Konfiguration der wichtigsten Webbrowser zugreifen:<\/p>\n\n\n\n<ul class=\"wp-block-list\"><li><a href=\"https:\/\/support.google.com\/chrome\/answer\/95647?co=GENIE.Platform%3DDesktop&amp;hl=es\"><strong>Google Chrome<\/strong><\/a><\/li><li><a href=\"https:\/\/support.mozilla.org\/es\/kb\/habilitar-y-deshabilitar-cookies-sitios-web-rastrear-preferencias\"><strong>MozillaFirefox<\/strong><\/a><\/li><li><a href=\"https:\/\/support.microsoft.com\/es-es\/help\/17442\/windows-internet-explorer-delete-manage-cookies\"><strong>Internet Explorer<\/strong><\/a><\/li><li><a href=\"https:\/\/support.microsoft.com\/es-es\/help\/4468242\/microsoft-edge-browsing-data-and-privacy-microsoft-privacy\"><strong>Microsoft Edge<\/strong><\/a><\/li><li><a href=\"https:\/\/support.apple.com\/es-es\/guide\/safari\/sfri11471\/mac\"><strong>Safari<\/strong><\/a><\/li><li><a href=\"https:\/\/www.aboutcookies.org\/\"><strong>Andere Browser nicht angegeben<\/strong><\/a><\/li><\/ul>\n\n\n\n<p>Es ist auch m\u00f6glich, die Annahme zu beenden&nbsp;<strong>Kekse<\/strong>&nbsp;eines bestimmten Dienstes im Konfigurationsbereich der Webseite selbst.<\/p>\n\n\n\n<p><strong>5. Was passiert, wenn Sie Cookies deaktivieren?<\/strong><\/p>\n\n\n\n<p>Einige Funktionen und Dienste k\u00f6nnen deaktiviert sein oder sich anders als erwartet verhalten, wie z. B. identifiziert bleiben, Eink\u00e4ufe im \u201eWarenkorb\u201c bei einem E-Commerce-Dienst behalten oder Informationen erhalten, die auf Ihren Standort gerichtet sind, unter anderem.<\/p>\n\n\n\n<p>Wenn Sie die Verwendung von Cookies auf einer Website deaktivieren, ist es wahrscheinlich, dass Sie auf bestimmte Bereiche der Website nicht mehr zugreifen k\u00f6nnen oder dass das Surferlebnis erheblich beeintr\u00e4chtigt wird.<\/p>\n\n\n\n<p><strong>6. Aktualisierung der Cookie-Richtlinie<\/strong><\/p>\n\n\n\n<p><strong>Die T\u00dcV-Ferien&nbsp;<\/strong>Sie k\u00f6nnen dies \u00e4ndern&nbsp;<strong>Cookie-Richtlinie<\/strong>&nbsp;aufgrund gesetzlicher oder beh\u00f6rdlicher Anforderungen oder um diese Richtlinie an die Anweisungen der spanischen Datenschutzbeh\u00f6rde anzupassen, wird den Benutzern daher empfohlen, sie regelm\u00e4\u00dfig zu besuchen.<\/p>\n\n\n\n<p>Wenn wesentliche \u00c4nderungen in diesem auftreten&nbsp;<strong>Cookie-Richtlinie<\/strong>, Benutzer werden entweder \u00fcber das Internet oder per E-Mail an registrierte Benutzer benachrichtigt.<\/p>","protected":false},"excerpt":{"rendered":"<p>Este sitio web, al igual que la mayor\u00eda de los sitios en Internet, usa\u00a0cookies\u00a0para mejorar y optimizar la experiencia del usuario. A continuaci\u00f3n, encontrar\u00e1 informaci\u00f3n detallada sobre qu\u00e9 son las&nbsp;cookies, qu\u00e9 tipo de&nbsp;cookies&nbsp;utiliza este sitio web, c\u00f3mo puede desactivarlas en su navegador y c\u00f3mo bloquear espec\u00edficamente la instalaci\u00f3n de&nbsp;cookies&nbsp;de terceros. 1. \u00bfQu\u00e9 son las cookies? [&hellip;]<\/p>\n","protected":false},"author":1,"featured_media":0,"parent":0,"menu_order":0,"comment_status":"closed","ping_status":"closed","template":"","meta":{"footnotes":""},"class_list":["post-429","page","type-page","status-publish","hentry"],"jetpack_sharing_enabled":true,"_links":{"self":[{"href":"https:\/\/oliverholidays.com\/de\/wp-json\/wp\/v2\/pages\/429","targetHints":{"allow":["GET"]}}],"collection":[{"href":"https:\/\/oliverholidays.com\/de\/wp-json\/wp\/v2\/pages"}],"about":[{"href":"https:\/\/oliverholidays.com\/de\/wp-json\/wp\/v2\/types\/page"}],"author":[{"embeddable":true,"href":"https:\/\/oliverholidays.com\/de\/wp-json\/wp\/v2\/users\/1"}],"replies":[{"embeddable":true,"href":"https:\/\/oliverholidays.com\/de\/wp-json\/wp\/v2\/comments?post=429"}],"version-history":[{"count":2,"href":"https:\/\/oliverholidays.com\/de\/wp-json\/wp\/v2\/pages\/429\/revisions"}],"predecessor-version":[{"id":440,"href":"https:\/\/oliverholidays.com\/de\/wp-json\/wp\/v2\/pages\/429\/revisions\/440"}],"wp:attachment":[{"href":"https:\/\/oliverholidays.com\/de\/wp-json\/wp\/v2\/media?parent=429"}],"curies":[{"name":"wp","href":"https:\/\/api.w.org\/{rel}","templated":true}]}}