{"id":429,"date":"2022-03-28T18:11:00","date_gmt":"2022-03-28T17:11:00","guid":{"rendered":"https:\/\/themotholidays.live-website.com\/?page_id=429"},"modified":"2022-03-28T18:15:11","modified_gmt":"2022-03-28T17:15:11","slug":"cookies","status":"publish","type":"page","link":"https:\/\/oliverholidays.com\/en\/cookies\/","title":{"rendered":"Cookies policy"},"content":{"rendered":"<p>This website, like most sites on the Internet, uses\u00a0<strong>cookies<\/strong>\u00a0to improve and optimize the user experience.<\/p>\n\n\n\n<p>Below you will find detailed information about what the&nbsp;<strong>cookies<\/strong>, what kind of&nbsp;<strong>cookies<\/strong>&nbsp;use this website, how you can disable them in your browser and how to specifically block the installation of&nbsp;<strong>cookies<\/strong>&nbsp;of third parties.<\/p>\n\n\n\n<p><strong>1. What are cookies?<\/strong><\/p>\n\n\n\n<p>The&nbsp;<strong>cookies<\/strong>&nbsp;are files that websites or applications install in the user&#039;s browser or device (smartphone, tablet or connected television) while browsing the pages of the site or the application, and are used to store information about their visit.<br>Like most sites on the internet, this website uses&nbsp;<strong>cookies<\/strong>&nbsp;for:<\/p>\n\n\n\n<ul class=\"wp-block-list\"><li>Ensuring that web pages can function properly.<\/li><li>Store preferences, such as the language you have selected or the font size.<\/li><li>Know the user&#039;s browsing experience.<\/li><li>Collect anonymous statistical information, such as which pages the user has visited or how long they have stayed on the website.<\/li><\/ul>\n\n\n\n<p>The use of&nbsp;<strong>cookies<\/strong>&nbsp;allows you to optimize browsing, adapting the information and services offered to the user&#039;s interests, to provide a better experience whenever you visit the website.<br>This website uses&nbsp;<strong>cookies<\/strong>&nbsp;to function, adapt and facilitate user navigation as much as possible.<\/p>\n\n\n\n<p><strong>2. Typology, purpose and operation<\/strong><\/p>\n\n\n\n<p>The&nbsp;<strong>cookies<\/strong>, depending on their permanence, can be divided into&nbsp;<strong>session cookies<\/strong>&nbsp;either&nbsp;<strong>permanent<\/strong>. The former expire when the user closes the browser. The latter expire when the purpose for which they serve is fulfilled (for example, so that the user remains identified on the website) or when they are manually deleted.<br>Additionally,&nbsp;<strong>depending on your goal<\/strong>, the&nbsp;<strong>cookies<\/strong>&nbsp;can be classified as follows:<\/p>\n\n\n\n<ul class=\"wp-block-list\"><li><strong>Strictly necessary (technical)<\/strong>: Are those essential for the proper functioning of the page. They are normally generated when the user accesses or logs in to the website and are used to identify you on the website for the following purposes:<ol><li>Keep the user identified in such a way that, if he leaves the website, the browser or the device and at another time re-accesses said website, he will continue to be identified, thus facilitating his navigation without having to identify himself again.<\/li><li>Check if the user is authorized to access certain services or areas of the website.<\/li><\/ol><\/li><li><strong>performance<\/strong>: They are used to improve the browsing experience and optimize the operation of the website, such as, for example, storing service settings, or storing the purchase made in a shopping cart.<\/li><li><strong>advertising<\/strong>: These are those that collect information about the ads shown to users of the website. They can be of two types:<\/li><li><strong>Anonymous:<\/strong>&nbsp;They only collect information about the advertising spaces displayed on the website, regardless of the user who accesses the website, that is, without expressly identifying them.<\/li><li><strong>Customized:<\/strong>&nbsp;They collect personal information from the user of the website by a third party, for the personalization of said advertising spaces.<\/li><li><strong>geo-location<\/strong>: These Cookies are used to find out in which country or region the user is located when accessing a website service in order to offer content or services appropriate to their location.<\/li><li><strong>of analytics<\/strong>: They collect information about the user&#039;s browsing experience on the website, usually anonymously, although sometimes they also allow the user to be uniquely and unequivocally identified in order to obtain reports on the interests of users in the services offered. the website.<\/li><\/ul>\n\n\n\n<p><strong>3. Cookies used on this website<\/strong><\/p>\n\n\n\n<p>Below is a table with the\u00a0<strong>cookies<\/strong>\u00a0used on this website, the entity that manages said cookies, the duration of the cookie and its purpose:<\/p>\n\n\n\n<figure class=\"wp-block-table\"><table><thead><tr><td><strong>cookie name<\/strong><\/td><td><strong>Entity that manages it<\/strong><\/td><td><strong>Term of permanence<\/strong><\/td><td><strong>Purpose<\/strong><\/td><\/tr><\/thead><tbody><tr><td>_ga<\/td><td>oliverholidays.com \/ Google<\/td><td>2 years<\/td><td>Statistical reports on website traffic, its total audience and the audience in a given advertising campaign.<\/td><\/tr><tr><td>_gat<\/td><td>oliverholidays.com\/ Google<\/td><td>1 day<\/td><td>Used by Google Analytics to monitor request rate<\/td><\/tr><tr><td>_gid<\/td><td>oliverholidays.com\/ Google<\/td><td>1 day<\/td><td>Registers a unique identification that is used to generate statistical data about how the visitor uses the website.<\/td><\/tr><\/tbody><\/table><\/figure>\n\n\n\n<p><strong>4. Disable the use of cookies<\/strong><\/p>\n\n\n\n<p>The user can allow, block or delete cookies and other technologies installed on their computer by configuring the browser options installed on their device. Next, you can access the configuration of the main web browsers:<\/p>\n\n\n\n<ul class=\"wp-block-list\"><li><a href=\"https:\/\/support.google.com\/chrome\/answer\/95647?co=GENIE.Platform%3DDesktop&amp;hl=es\"><strong>Google Chrome<\/strong><\/a><\/li><li><a href=\"https:\/\/support.mozilla.org\/es\/kb\/habilitar-y-deshabilitar-cookies-sitios-web-rastrear-preferencias\"><strong>MozillaFirefox<\/strong><\/a><\/li><li><a href=\"https:\/\/support.microsoft.com\/es-es\/help\/17442\/windows-internet-explorer-delete-manage-cookies\"><strong>internet explorer<\/strong><\/a><\/li><li><a href=\"https:\/\/support.microsoft.com\/es-es\/help\/4468242\/microsoft-edge-browsing-data-and-privacy-microsoft-privacy\"><strong>Microsoft Edge<\/strong><\/a><\/li><li><a href=\"https:\/\/support.apple.com\/es-es\/guide\/safari\/sfri11471\/mac\"><strong>Safari<\/strong><\/a><\/li><li><a href=\"https:\/\/www.aboutcookies.org\/\"><strong>Other browsers not indicated<\/strong><\/a><\/li><\/ul>\n\n\n\n<p>It is also possible to stop accepting the&nbsp;<strong>cookies<\/strong>&nbsp;of a particular service in the configuration panel of the web page itself.<\/p>\n\n\n\n<p><strong>5. What happens when you disable cookies?<\/strong><\/p>\n\n\n\n<p>Some functionalities and services may be disabled or have a different behavior than expected, such as remaining identified, keeping purchases in the &quot;shopping cart&quot; in an electronic commerce service or receiving information directed to your location, among others.<\/p>\n\n\n\n<p>If you disable the use of cookies on a website, it is likely that you will no longer be able to access certain areas of the website or that the browsing experience will be significantly degraded.<\/p>\n\n\n\n<p><strong>6. Update of the Cookies Policy<\/strong><\/p>\n\n\n\n<p><strong>The MOT Holidays&nbsp;<\/strong>you can modify this&nbsp;<strong>Cookies policy<\/strong>&nbsp;based on legislative or regulatory requirements, or in order to adapt said policy to the instructions issued by the Spanish Agency for Data Protection, therefore users are advised to visit it periodically.<\/p>\n\n\n\n<p>When significant changes occur in this&nbsp;<strong>Cookies policy<\/strong>, users will be notified either through the web or via email to registered users.<\/p>","protected":false},"excerpt":{"rendered":"<p>Este sitio web, al igual que la mayor\u00eda de los sitios en Internet, usa\u00a0cookies\u00a0para mejorar y optimizar la experiencia del usuario. A continuaci\u00f3n, encontrar\u00e1 informaci\u00f3n detallada sobre qu\u00e9 son las&nbsp;cookies, qu\u00e9 tipo de&nbsp;cookies&nbsp;utiliza este sitio web, c\u00f3mo puede desactivarlas en su navegador y c\u00f3mo bloquear espec\u00edficamente la instalaci\u00f3n de&nbsp;cookies&nbsp;de terceros. 1. \u00bfQu\u00e9 son las cookies? [&hellip;]<\/p>\n","protected":false},"author":1,"featured_media":0,"parent":0,"menu_order":0,"comment_status":"closed","ping_status":"closed","template":"","meta":{"footnotes":""},"class_list":["post-429","page","type-page","status-publish","hentry"],"jetpack_sharing_enabled":true,"_links":{"self":[{"href":"https:\/\/oliverholidays.com\/en\/wp-json\/wp\/v2\/pages\/429","targetHints":{"allow":["GET"]}}],"collection":[{"href":"https:\/\/oliverholidays.com\/en\/wp-json\/wp\/v2\/pages"}],"about":[{"href":"https:\/\/oliverholidays.com\/en\/wp-json\/wp\/v2\/types\/page"}],"author":[{"embeddable":true,"href":"https:\/\/oliverholidays.com\/en\/wp-json\/wp\/v2\/users\/1"}],"replies":[{"embeddable":true,"href":"https:\/\/oliverholidays.com\/en\/wp-json\/wp\/v2\/comments?post=429"}],"version-history":[{"count":2,"href":"https:\/\/oliverholidays.com\/en\/wp-json\/wp\/v2\/pages\/429\/revisions"}],"predecessor-version":[{"id":440,"href":"https:\/\/oliverholidays.com\/en\/wp-json\/wp\/v2\/pages\/429\/revisions\/440"}],"wp:attachment":[{"href":"https:\/\/oliverholidays.com\/en\/wp-json\/wp\/v2\/media?parent=429"}],"curies":[{"name":"wp","href":"https:\/\/api.w.org\/{rel}","templated":true}]}}